{"id":690,"date":"2021-05-02T07:10:30","date_gmt":"2021-05-02T07:10:30","guid":{"rendered":"http:\/\/coatzadrone.local\/?page_id=690"},"modified":"2026-01-31T09:26:58","modified_gmt":"2026-01-31T15:26:58","slug":"company","status":"publish","type":"page","link":"https:\/\/coatzadrone.com\/es\/company\/","title":{"rendered":"Nosotros"},"content":{"rendered":"<div class=\"clear\"><\/div><section  class=\"vc-section bot-element\" style=\"padding-top:0px!important; padding-bottom:0px!important;\"\"><div class=\"container\"><div class=\"row\"><div class=\"wpb_column vc_column_container vc_col-sm-12\"><div class=\"vc_column-inner\"><div class=\"wpb_wrapper\"><div class=\"main-about fl-wrap\"><h2 class=\"mt-5 mb-0\">Trabajamos ayudando y empoderando a las empresas para que incorporen soluciones eficientes en sus procesos y flujos de trabajo que les permitan optimizar recursos y apoyar la toma de decisiones.<\/h2><div class=\"main-about-text-area\"><\/div><\/div><\/div><\/div><\/div><\/div> <\/div><\/section><div class=\"clear\"><\/div><section  class=\"vc-section bot-element\" style=\"padding-top:0px!important; padding-bottom:0px!important;\"\"><div class=\"container-disable\"><div class=\"row\"><div class=\"bg-gray wpb_column vc_column_container vc_col-sm-12\"><div class=\"vc_column-inner\"><div class=\"wpb_wrapper\"><div class=\"vc_row wpb_row vc_inner vc_row-fluid container mx-auto pt-5\"><div class=\"wpb_column vc_column_container vc_col-sm-12\"><div class=\"vc_column-inner\"><div class=\"wpb_wrapper\">\n\t<div class=\"wpb_video_widget wpb_content_element vc_clearfix   vc_video-aspect-ratio-169 vc_video-el-width-100 vc_video-align-center\" >\n\t\t<div class=\"wpb_wrapper\">\n\t\t\t\n\t\t\t<div class=\"wpb_video_wrapper\"><iframe loading=\"lazy\" title=\"Coatza Drone\" width=\"900\" height=\"506\" src=\"https:\/\/www.youtube.com\/embed\/aPf5l-i73Kc?feature=oembed\" frameborder=\"0\" allow=\"accelerometer; autoplay; clipboard-write; encrypted-media; gyroscope; picture-in-picture\" allowfullscreen><\/iframe><\/div>\n\t\t<\/div>\n\t<\/div>\n<\/div><\/div><\/div><\/div><\/div><\/div><\/div><\/div> <\/div><\/section><div class=\"clear\"><\/div><section  class=\"vc-section bot-element\" style=\"padding-top:0px!important; padding-bottom:0px!important;\"\"><div class=\"container-disable\"><div class=\"row\"><div class=\"bg-gray wpb_column vc_column_container vc_col-sm-12 vc_col-has-fill\"><div class=\"vc_column-inner vc_custom_1620249856832\"><div class=\"wpb_wrapper\">\n\t<div class=\"wpb_text_column wpb_content_element  mb-3\" >\n\t\t<div class=\"wpb_wrapper\">\n\t\t\t<h4 class=\"uppercase-small-heading text-center mx-auto\">Algunos de nuestros Clientes<\/h4>\n\n\t\t<\/div>\n\t<\/div>\n<div class=\"fl-wrap\"><div class=\"container\"><div class=\"client-list-slider fl-wrap\"><div class=\"swiper-container\" data-slider-speed=\"1400\" data-slider-play=\"true\"><ul class=\"swiper-wrapper client-list client-list-white\" ><li class=\"swiper-slide\"><a href=\"https:\/\/www.pemex.com\/Paginas\/default.aspx\" target=\"_blank\"><img decoding=\"async\" src=\"https:\/\/coatzadrone.com\/wp-content\/uploads\/Coatzadrone-clientes-pemex.png\" alt=\"Coatzadrone-clientes-pemex\"><\/a><\/li><!-- end client-item --><li class=\"swiper-slide\"><a href=\"http:\/\/braskemidesa.com.mx\/\" target=\"_blank\"><img decoding=\"async\" src=\"https:\/\/coatzadrone.com\/wp-content\/uploads\/Coatzadrone-clientes-braskem.png\" alt=\"Coatzadrone-clientes-braskem\"><\/a><\/li><!-- end client-item --><li class=\"swiper-slide\"><a href=\"https:\/\/www.tuv.com\/world\/en\/\" target=\"_blank\"><img decoding=\"async\" src=\"https:\/\/coatzadrone.com\/wp-content\/uploads\/Coatzadrone-clientes-tuev.png\" alt=\"Coatzadrone-clientes-tuev\"><\/a><\/li><!-- end client-item --><li class=\"swiper-slide\"><a href=\"https:\/\/www.sitemark.com\/\" target=\"_blank\"><img decoding=\"async\" src=\"https:\/\/coatzadrone.com\/wp-content\/uploads\/Coatzadrone-clientes-sitemark-1.png\" alt=\"Coatzadrone-clientes-sitemark\"><\/a><\/li><!-- end client-item --><li class=\"swiper-slide\"><a href=\"http:\/\/www.sct.gob.mx\/\" target=\"_blank\"><img decoding=\"async\" src=\"https:\/\/coatzadrone.com\/wp-content\/uploads\/Coatzadrone-clientes-sct.png\" alt=\"Coatzadrone-clientes-sct\"><\/a><\/li><!-- end client-item --><li class=\"swiper-slide\"><a href=\"https:\/\/baramin.com.mx\/sitio\/en\/\" target=\"_blank\"><img decoding=\"async\" src=\"https:\/\/coatzadrone.com\/wp-content\/uploads\/4.png\" alt=\"4\"><\/a><\/li><!-- end client-item --><li class=\"swiper-slide\"><a href=\"https:\/\/sensehawk.com\/\" target=\"_blank\"><img decoding=\"async\" src=\"https:\/\/coatzadrone.com\/wp-content\/uploads\/Coatzadrone-clientes-sensehawk.png\" alt=\"Coatzadrone-clientes-sensehawk\"><\/a><\/li><!-- end client-item --><\/ul><\/div><\/div><div class=\"tc-pagination2\"><\/div><\/div><\/div><\/div><\/div><\/div><\/div> <\/div><\/section><div class=\"clear\"><\/div><section  class=\"vc-section bot-element\" style=\"padding-top:1rempx!important; padding-bottom:0px!important;\"\"><div class=\"container\"><div class=\"section-title\"><h3> \u00bfPor qu\u00e9 nosotros?<\/h3><\/div><div class=\"row\"><div class=\"wpb_column vc_column_container vc_col-sm-12\"><div class=\"vc_column-inner\"><div class=\"wpb_wrapper\"><div class=\"process-wrap\"><ul><li><div class=\"time-line-icon\">\n                  <i class=\"fa fa-globe-americas\"><\/i>\n                  <\/div><h4>Operamos en toda Am\u00e9rica<\/h4><div class=\"process-details\">Extendiendo nuestros servicios de drones de primera categor\u00eda a M\u00e9xico, Estados Unidos y Latinoam\u00e9rica, numerosas empresas, industrias y gobiernos avalan nuestros resultados. Convertimos cada proyecto en una historia de \u00e9xito.   <\/div><\/li><\/ul><\/div><div class=\"process-wrap\"><ul><li><div class=\"time-line-icon\">\n                  <i class=\"fa fa-drone-alt\"><\/i>\n                  <\/div><h4>Usamos lo \u00faltimo en Tecnolog\u00eda<\/h4><div class=\"process-details\">Con el respaldo de la revolucionaria tecnolog\u00eda en drones, la inteligencia artificial y un n\u00famero vers\u00e1til de software, nuestros clientes tienen la garant\u00eda de obtener datos precisos y seguros incluso desde las ubicaciones m\u00e1s vulnerables.   <\/div><\/li><\/ul><\/div><div class=\"process-wrap\"><ul><li><div class=\"time-line-icon\">\n                  <i class=\"fa fa-industry-alt\"><\/i>\n                  <\/div><h4>Nos adaptamos a la industria<\/h4><div class=\"process-details\">Tenemos alta experiencia en diferentes industrias, atendemos continuamente a los sectores de transporte, energ\u00eda renovable, miner\u00eda, servicios p\u00fablicos, infraestructura y agricultura.   <\/div><\/li><\/ul><\/div><\/div><\/div><\/div><\/div> <\/div><\/section><div class=\"clear\"><\/div><section  class=\"vc-section bot-element\" style=\"padding-top:0px!important; padding-bottom:0px!important;\"\"><div class=\"container-disable\"><div class=\"row\"><div class=\"bg-counter wpb_column vc_column_container vc_col-sm-12\"><div class=\"vc_column-inner\"><div class=\"wpb_wrapper\"><div class=\"inline-facts-container container my-5 optional_counter\"><div class=\"inline-facts-wrap\">\n                    <div class=\"inline-facts\">\n                        <div class=\"milestone-counter\">\n                            <div class=\"stats animaper\">\n                                <div class=\"num\" data-content=\"0\" data-num=\"3500\">0<\/div>\n                            <\/div>\n                        <\/div>\n                        <h6>Horas de Vuelo<\/h6>\n\t\t\t\t\t\t<\/div>\n\t\t\t\t\t<\/div><div class=\"inline-facts-wrap\">\n                    <div class=\"inline-facts\">\n                        <div class=\"milestone-counter\">\n                            <div class=\"stats animaper\">\n                                <div class=\"num\" data-content=\"0\" data-num=\"380\">0<\/div>\n                            <\/div>\n                        <\/div>\n                        <h6>Proyectos Completados<\/h6>\n\t\t\t\t\t\t<\/div>\n\t\t\t\t\t<\/div><div class=\"inline-facts-wrap\">\n                    <div class=\"inline-facts\">\n                        <div class=\"milestone-counter\">\n                            <div class=\"stats animaper\">\n                                <div class=\"num\" data-content=\"0\" data-num=\"10\">0<\/div>\n                            <\/div>\n                        <\/div>\n                        <h6>A\u00f1os de Experiencia<\/h6>\n\t\t\t\t\t\t<\/div>\n\t\t\t\t\t<\/div><div class=\"inline-facts-wrap\">\n                    <div class=\"inline-facts\">\n                        <div class=\"milestone-counter\">\n                            <div class=\"stats animaper\">\n                                <div class=\"num\" data-content=\"0\" data-num=\"7\">0<\/div>\n                            <\/div>\n                        <\/div>\n                        <h6>Pa\u00edses<\/h6>\n\t\t\t\t\t\t<\/div>\n\t\t\t\t\t<\/div><\/div>\n\t<div class=\"wpb_text_column wpb_content_element  mb-5\" >\n\t\t<div class=\"wpb_wrapper\">\n\t\t\t<h4 class=\"uppercase-small-heading text-center mx-auto\">We have deployed operations in Peru, United States, Chile,Uruguay, Dominican Republic, Brazil, Colombia.<\/h4>\n\n\t\t<\/div>\n\t<\/div>\n<\/div><\/div><\/div><\/div> <\/div><\/section><div class=\"clear\"><\/div><section  class=\"vc-section bot-element\" style=\"padding-top:7rempx!important; padding-bottom:0px!important;\"\"><div class=\"container\"><div class=\"section-title\"><h3> Equipo<\/h3><\/div><div class=\"row\"><div class=\"wpb_column vc_column_container vc_col-sm-6\"><div class=\"vc_column-inner\"><div class=\"wpb_wrapper\"><div class=\"team-box\"><div class=\"team-photo mx-auto\"><img decoding=\"async\" src=\"https:\/\/coatzadrone.com\/wp-content\/uploads\/Coatzadrone-Alvaro-Ruiz-1-480x480.jpg\" alt=\"Alvaro Ru\u00edz\" class=\"respimg\"><\/div><div class=\"team-info\"><h3 class=\"m0\">Alvaro Ru\u00edz<\/h3><h4 class=\"mt-0\">Founder<\/h4><p class=\"text-center\">+10 years of experience in operations with drone technology, industrial inspection and digital photogrammetry applied to: civil engineering, topographic, geodesy, archeology, agriculture and thermography.  <\/p><\/div><ul class=\"team-social\"><li><a href=\"https:\/\/www.linkedin.com\/in\/%C3%A1lvaro-ruiz-molano\" target=\"_blank\" rel=\"noopener noreferrer\" style=\"text-decoration:none;border:0;width:21px;height:21px;padding:0;margin:3px;color:#7a7a7b;\"><svg class=\"linkedin\" style=\"display:block;fill:currentColor\" data-tag=\"lin\" data-name=\"Linkedin\" viewbox=\"0 -23.9994 12 12\" xmlns=\"http:\/\/www.w3.org\/2000\/svg\"><path d=\"M2.74-12.25v-8.18H.2v8.17Zm-1.28-9.3c.81 0 1.47-.68 1.47-1.49 0-.82-.66-1.48-1.48-1.48s-1.48.65-1.48 1.47c0 .81.65 1.48 1.47 1.48Zm10.77 9.29h0v-4.5c0-2.2-.48-3.9-3.05-3.9 -1.24 0-2.07.67-2.41 1.32h-.04v-1.12H4.29v8.17h2.53v-4.05c0-1.07.2-2.1 1.52-2.1 1.3 0 1.32 1.21 1.32 2.16v3.98Z\" transform=\"translate(0 .00014) scale(.97959)\"><\/path><\/svg><\/a><\/li><\/ul><\/div><\/div><\/div><\/div><div class=\"wpb_column vc_column_container vc_col-sm-6\"><div class=\"vc_column-inner\"><div class=\"wpb_wrapper\"><div class=\"team-box\"><div class=\"team-photo mx-auto\"><img decoding=\"async\" src=\"https:\/\/coatzadrone.com\/wp-content\/uploads\/Coatzadrone-Jesus-Fernandez-480x480.jpeg\" alt=\"Jes\u00fas Fern\u00e1ndez\" class=\"respimg\"><\/div><div class=\"team-info\"><h3 class=\"m0\">Jes\u00fas Fern\u00e1ndez<\/h3><h4 class=\"mt-0\">Director Creativo y Cofundador<\/h4><p class=\"text-center\">Docente universitario con 8 a\u00f1os de experiencia en producci\u00f3n audiovisual, fotograf\u00eda, dise\u00f1o gr\u00e1fico, dise\u00f1o industrial, animaci\u00f3n y edici\u00f3n de audio y video, experto en operaciones con drones.  <\/p><\/div><ul class=\"team-social\"><li><a href=\"https:\/\/www.linkedin.com\/in\/jes%C3%BAs-fern%C3%A1ndez-ruiz-9a9ab0211\" target=\"_blank\" rel=\"noopener noreferrer\" style=\"text-decoration:none;border:0;width:21px;height:21px;padding:0;margin:3px;color:#7a7a7b;\"><svg class=\"linkedin\" style=\"display:block;fill:currentColor\" data-tag=\"lin\" data-name=\"Linkedin\" viewbox=\"0 -23.9994 12 12\" xmlns=\"http:\/\/www.w3.org\/2000\/svg\"><path d=\"M2.74-12.25v-8.18H.2v8.17Zm-1.28-9.3c.81 0 1.47-.68 1.47-1.49 0-.82-.66-1.48-1.48-1.48s-1.48.65-1.48 1.47c0 .81.65 1.48 1.47 1.48Zm10.77 9.29h0v-4.5c0-2.2-.48-3.9-3.05-3.9 -1.24 0-2.07.67-2.41 1.32h-.04v-1.12H4.29v8.17h2.53v-4.05c0-1.07.2-2.1 1.52-2.1 1.3 0 1.32 1.21 1.32 2.16v3.98Z\" transform=\"translate(0 .00014) scale(.97959)\"><\/path><\/svg><\/a><\/li><\/ul><\/div><\/div><\/div><\/div><\/div> <\/div><\/section><div class=\"clear\"><\/div><section  class=\"vc-section bot-element\" style=\"padding-top:0px!important; padding-bottom:0px!important;\"\"><div class=\"container\"><div class=\"row\"><div class=\"wpb_column vc_column_container vc_col-sm-6\"><div class=\"vc_column-inner\"><div class=\"wpb_wrapper\"><div class=\"team-box\"><div class=\"team-photo mx-auto\"><img decoding=\"async\" src=\"https:\/\/coatzadrone.com\/wp-content\/uploads\/WhatsApp-Image-2026-01-21-at-10.52.33-AM-480x480.jpeg\" alt=\"Stanley Walker JR\" class=\"respimg\"><\/div><div class=\"team-info\"><h3 class=\"m0\">Stanley Walker JR<\/h3><h4 class=\"mt-0\">CoatzaDrone USA Manager<\/h4><p class=\"text-center\">Leader in drone operations based in the US. U.S. with experience in renewable energy and industrial inspections, applying its expertise in government operations and planning to large-scale field deployments.  <\/p><\/div><ul class=\"team-social\"><li><a href=\"https:\/\/www.linkedin.com\/in\/stanwalkerjr\/\" target=\"_blank\" rel=\"noopener noreferrer\" style=\"text-decoration:none;border:0;width:21px;height:21px;padding:0;margin:3px;color:#7a7a7b;\"><svg class=\"linkedin\" style=\"display:block;fill:currentColor\" data-tag=\"lin\" data-name=\"Linkedin\" viewbox=\"0 -23.9994 12 12\" xmlns=\"http:\/\/www.w3.org\/2000\/svg\"><path d=\"M2.74-12.25v-8.18H.2v8.17Zm-1.28-9.3c.81 0 1.47-.68 1.47-1.49 0-.82-.66-1.48-1.48-1.48s-1.48.65-1.48 1.47c0 .81.65 1.48 1.47 1.48Zm10.77 9.29h0v-4.5c0-2.2-.48-3.9-3.05-3.9 -1.24 0-2.07.67-2.41 1.32h-.04v-1.12H4.29v8.17h2.53v-4.05c0-1.07.2-2.1 1.52-2.1 1.3 0 1.32 1.21 1.32 2.16v3.98Z\" transform=\"translate(0 .00014) scale(.97959)\"><\/path><\/svg><\/a><\/li><\/ul><\/div><\/div><\/div><\/div><div class=\"wpb_column vc_column_container vc_col-sm-6\"><div class=\"vc_column-inner\"><div class=\"wpb_wrapper\"><div class=\"team-box\"><div class=\"team-photo mx-auto\"><img decoding=\"async\" src=\"https:\/\/coatzadrone.com\/wp-content\/uploads\/WhatsApp-Image-2026-01-21-at-11.02.24-AM-480x480.jpeg\" alt=\"Giancarlo Rengifo\" class=\"respimg\"><\/div><div class=\"team-info\"><h3 class=\"m0\">Giancarlo Rengifo<\/h3><h4 class=\"mt-0\">CoatzaDrone Peru Manager<\/h4><p class=\"text-center\">International Business Administrator (URP), specialized in Public Relations and Networking, with a focus on business management and development of technological projects, leading initiatives based on acquisition and data analysis using industrial drones.  <\/p><\/div><ul class=\"team-social\"><li><a href=\"https:\/\/www.linkedin.com\/in\/jes%C3%BAs-fern%C3%A1ndez-ruiz-9a9ab0211\" target=\"_blank\" rel=\"noopener noreferrer\" style=\"text-decoration:none;border:0;width:21px;height:21px;padding:0;margin:3px;color:#7a7a7b;\"><svg class=\"linkedin\" style=\"display:block;fill:currentColor\" data-tag=\"lin\" data-name=\"Linkedin\" viewbox=\"0 -23.9994 12 12\" xmlns=\"http:\/\/www.w3.org\/2000\/svg\"><path d=\"M2.74-12.25v-8.18H.2v8.17Zm-1.28-9.3c.81 0 1.47-.68 1.47-1.49 0-.82-.66-1.48-1.48-1.48s-1.48.65-1.48 1.47c0 .81.65 1.48 1.47 1.48Zm10.77 9.29h0v-4.5c0-2.2-.48-3.9-3.05-3.9 -1.24 0-2.07.67-2.41 1.32h-.04v-1.12H4.29v8.17h2.53v-4.05c0-1.07.2-2.1 1.52-2.1 1.3 0 1.32 1.21 1.32 2.16v3.98Z\" transform=\"translate(0 .00014) scale(.97959)\"><\/path><\/svg><\/a><\/li><\/ul><\/div><\/div><\/div><\/div><\/div> <\/div><\/section><div class=\"clear\"><\/div><section  class=\"vc-section bot-element\" style=\"padding-top:0px!important; padding-bottom:0px!important;\"\"><div class=\"container-disable\"><div class=\"row\"><div class=\"bg-white wpb_column vc_column_container vc_col-sm-12\"><div class=\"vc_column-inner\"><div class=\"wpb_wrapper\">\n\t<div class=\"wpb_text_column wpb_content_element  mb-3\" >\n\t\t<div class=\"wpb_wrapper\">\n\t\t\t<h4 class=\"uppercase-small-heading text-center mx-auto\">Partners \/ Socios<\/h4>\n\n\t\t<\/div>\n\t<\/div>\n<div class=\"fl-wrap\"><div class=\"container\"><div class=\"client-list-slider fl-wrap\"><div class=\"swiper-container\" data-slider-speed=\"1400\" data-slider-play=\"true\"><ul class=\"swiper-wrapper client-list client-list-white\" ><li class=\"swiper-slide\"><a href=\"#\" target=\"_self\"><img decoding=\"async\" src=\"https:\/\/coatzadrone.com\/wp-content\/uploads\/pix4d-1.jpeg\" alt=\"pix4d\"><\/a><\/li><!-- end client-item --><li class=\"swiper-slide\"><a href=\"#\" target=\"_self\"><img decoding=\"async\" src=\"https:\/\/coatzadrone.com\/wp-content\/uploads\/djienterprise.jpeg\" alt=\"djienterprise\"><\/a><\/li><!-- end client-item --><li class=\"swiper-slide\"><a href=\"#\" target=\"_self\"><img decoding=\"async\" src=\"https:\/\/coatzadrone.com\/wp-content\/uploads\/buap.jpg\" alt=\"buap\"><\/a><\/li><!-- end client-item --><li class=\"swiper-slide\"><a href=\"#\" target=\"_self\"><img decoding=\"async\" src=\"https:\/\/coatzadrone.com\/wp-content\/uploads\/usmp.jpg\" alt=\"usmp\"><\/a><\/li><!-- end client-item --><li class=\"swiper-slide\"><a href=\"#\" target=\"_self\"><img decoding=\"async\" src=\"https:\/\/coatzadrone.com\/wp-content\/uploads\/logoFlybotix.png\" alt=\"logoFlybotix\"><\/a><\/li><!-- end client-item --><li class=\"swiper-slide\"><a href=\"#\" target=\"_self\"><img decoding=\"async\" src=\"https:\/\/coatzadrone.com\/wp-content\/uploads\/ipgh.jpg\" alt=\"ipgh\"><\/a><\/li><!-- end client-item --><li class=\"swiper-slide\"><a href=\"#\" target=\"_self\"><img decoding=\"async\" src=\"https:\/\/coatzadrone.com\/wp-content\/uploads\/uv.jpg\" alt=\"uv\"><\/a><\/li><!-- end client-item --><\/ul><\/div><\/div><div class=\"tc-pagination2\"><\/div><\/div><\/div><\/div><\/div><\/div><\/div> <\/div><\/section>","protected":false},"excerpt":{"rendered":"","protected":false},"author":1,"featured_media":970,"parent":0,"menu_order":0,"comment_status":"closed","ping_status":"closed","template":"","meta":{"inline_featured_image":false,"footnotes":""},"class_list":["post-690","page","type-page","status-publish","has-post-thumbnail","hentry"],"_links":{"self":[{"href":"https:\/\/coatzadrone.com\/es\/wp-json\/wp\/v2\/pages\/690","targetHints":{"allow":["GET"]}}],"collection":[{"href":"https:\/\/coatzadrone.com\/es\/wp-json\/wp\/v2\/pages"}],"about":[{"href":"https:\/\/coatzadrone.com\/es\/wp-json\/wp\/v2\/types\/page"}],"author":[{"embeddable":true,"href":"https:\/\/coatzadrone.com\/es\/wp-json\/wp\/v2\/users\/1"}],"replies":[{"embeddable":true,"href":"https:\/\/coatzadrone.com\/es\/wp-json\/wp\/v2\/comments?post=690"}],"version-history":[{"count":11,"href":"https:\/\/coatzadrone.com\/es\/wp-json\/wp\/v2\/pages\/690\/revisions"}],"predecessor-version":[{"id":1595,"href":"https:\/\/coatzadrone.com\/es\/wp-json\/wp\/v2\/pages\/690\/revisions\/1595"}],"wp:featuredmedia":[{"embeddable":true,"href":"https:\/\/coatzadrone.com\/es\/wp-json\/wp\/v2\/media\/970"}],"wp:attachment":[{"href":"https:\/\/coatzadrone.com\/es\/wp-json\/wp\/v2\/media?parent=690"}],"curies":[{"name":"wp","href":"https:\/\/api.w.org\/{rel}","templated":true}]}}