{"id":149,"date":"2019-10-22T19:41:13","date_gmt":"2019-10-22T19:41:13","guid":{"rendered":"http:\/\/nastik.webredox.net\/?page_id=149"},"modified":"2026-02-12T07:20:52","modified_gmt":"2026-02-12T13:20:52","slug":"contact","status":"publish","type":"page","link":"https:\/\/coatzadrone.com\/es\/contact\/","title":{"rendered":"Contacto"},"content":{"rendered":"<div class=\"clear\"><\/div><section  class=\"vc-section bot-element\" style=\"padding-top:0px!important; padding-bottom:1rempx!important;\"\"><div class=\"container\"><div class=\"section-title\"><h3> Mexico<\/h3><p>Headquaters  <\/p><\/div><div class=\"row\"><div class=\"wpb_column vc_column_container vc_col-sm-12\"><div class=\"vc_column-inner\"><div class=\"wpb_wrapper\"><div class=\"contacts-wrap fl-wrap\"><ul><li><i class=\"fal fa-mobile-android\"><\/i><div class=\"group-contact\"><h4 class=\"mt-3\">Tel\u00e9fonos<\/h4><div class=\"clearfix\"><\/div><a href=\"callto:+521(921) 145 7134\" class=\"contact-link\">+521(921) 145 7134<\/a><\/div><\/li><li><i class=\"fal fa-compass\"><\/i><div class=\"group-contact\"><h4 class=\"mt-3\">Ubicaciones<\/h4><div class=\"clearfix\"><\/div><a href=\"#\" class=\"contact-link\">Coatzacoalcos, Veracruz\r\nPuebla, Puebla<\/a><\/div><\/li><li><i class=\"fal fa-envelope\"><\/i><div class=\"group-contact\"><h4 class=\"mt-3\">Email<\/h4><div class=\"clearfix\"><\/div><a href=\"mailto:contacto@coatzadrone.com\" class=\"contact-link\">contacto@coatzadrone.com<\/a><\/div><\/li><\/ul><\/div><\/div><\/div><\/div><\/div><div class=\"sec-number\">01.<\/div> <\/div><\/section><div class=\"clearfix\"><\/div><div class=\"section-separator bot-element\"><span class=\"fl-wrap\"><\/span><\/div><div class=\"clear\"><\/div><section  class=\"vc-section bot-element\" style=\"padding-top:0px!important; padding-bottom:1rempx!important;\"\"><div class=\"container\"><div class=\"section-title\"><h3> Peru<\/h3><p>Coatza Drone Peru \u2013 Lima, Peru  <\/p><\/div><div class=\"row\"><div class=\"wpb_column vc_column_container vc_col-sm-12\"><div class=\"vc_column-inner\"><div class=\"wpb_wrapper\"><div class=\"contacts-wrap fl-wrap\"><ul><li><i class=\"fal fa-mobile-android\"><\/i><div class=\"group-contact\"><h4 class=\"mt-3\">Tel\u00e9fonos<\/h4><div class=\"clearfix\"><\/div><a href=\"callto:+51 933 220 801\" class=\"contact-link\">+51 933 220 801<\/a><\/div><\/li><li><i class=\"fal fa-compass\"><\/i><div class=\"group-contact\"><h4 class=\"mt-3\">Ubicaciones<\/h4><div class=\"clearfix\"><\/div><a href=\"#\" class=\"contact-link\">C. German Schreiber Gulsmanco 276, San Isidro LIMA 27, Peru<\/a><\/div><\/li><li><i class=\"fal fa-envelope\"><\/i><div class=\"group-contact\"><h4 class=\"mt-3\">Email<\/h4><div class=\"clearfix\"><\/div><a href=\"mailto:comercialperu@coatzadrone.com\" class=\"contact-link\">comercialperu@coatzadrone.com<\/a><\/div><\/li><\/ul><\/div><\/div><\/div><\/div><\/div><div class=\"sec-number\">02.<\/div> <\/div><\/section><div class=\"clearfix\"><\/div><div class=\"section-separator bot-element\"><span class=\"fl-wrap\"><\/span><\/div><div class=\"clear\"><\/div><section  class=\"vc-section bot-element\" style=\"padding-top:0px!important; padding-bottom:1rempx!important;\"\"><div class=\"container\"><div class=\"section-title\"><h3> United States<\/h3><p>Coatza Drone USA LLC \u2013 Florida, USA  <\/p><\/div><div class=\"row\"><div class=\"wpb_column vc_column_container vc_col-sm-12\"><div class=\"vc_column-inner\"><div class=\"wpb_wrapper\"><div class=\"contacts-wrap fl-wrap\"><ul><li><i class=\"fal fa-mobile-android\"><\/i><div class=\"group-contact\"><h4 class=\"mt-3\">Tel\u00e9fonos<\/h4><div class=\"clearfix\"><\/div><a href=\"callto:+1 813 463 8219\" class=\"contact-link\">+1 813 463 8219<\/a><\/div><\/li><li><i class=\"fal fa-compass\"><\/i><div class=\"group-contact\"><h4 class=\"mt-3\">Ubicaciones<\/h4><div class=\"clearfix\"><\/div><a href=\"#\" class=\"contact-link\">79 4TH ST N STE 300\r\nST. PETERSBURG,FL 33702<\/a><\/div><\/li><li><i class=\"fal fa-envelope\"><\/i><div class=\"group-contact\"><h4 class=\"mt-3\">Email<\/h4><div class=\"clearfix\"><\/div><a href=\"mailto:stanley.walker@coatzadroneusa.com\" class=\"contact-link\">stanley.walker@coatzadroneusa.com<\/a><\/div><\/li><\/ul><\/div><\/div><\/div><\/div><\/div><div class=\"sec-number\">03.<\/div> <\/div><\/section><div class=\"clearfix\"><\/div><div class=\"section-separator bot-element\"><span class=\"fl-wrap\"><\/span><\/div><div class=\"clear\"><\/div><section  class=\"vc-section bot-element\" style=\"padding-top:0px!important; padding-bottom:1rempx!important;\"\"><div class=\"container\"><div class=\"section-title\"><h3> Chile<\/h3><p>Coatza Ingenier\u00eda y Proyectos SPA \u2013 Santiago, Chile  <\/p><\/div><div class=\"row\"><div class=\"wpb_column vc_column_container vc_col-sm-12\"><div class=\"vc_column-inner\"><div class=\"wpb_wrapper\"><div class=\"contacts-wrap fl-wrap\"><ul><li><i class=\"fal fa-compass\"><\/i><div class=\"group-contact\"><h4 class=\"mt-3\">Ubicaciones<\/h4><div class=\"clearfix\"><\/div><a href=\"#\" class=\"contact-link\">Calle Merced 838 Oficina 117\r\nSantiago, Regi\u00f3n Metropolitana<\/a><\/div><\/li><\/ul><\/div><\/div><\/div><\/div><\/div><div class=\"sec-number\">04.<\/div> <\/div><\/section><div class=\"clearfix\"><\/div><div class=\"section-separator bot-element\"><span class=\"fl-wrap\"><\/span><\/div><div class=\"clear\"><\/div><section  class=\"vc-section bot-element\" style=\" \"><div class=\"container\"><div class=\"section-title\"><h3> Pong\u00e1monos en Contacto<\/h3><p>Si tiene alguna pregunta sobre nuestros servicios o cualquier otra cosa relacionada con drones, env\u00edenos un correo electr\u00f3nico a trav\u00e9s del formulario a continuaci\u00f3n.  <\/p><\/div><div class=\"row\"><div class=\"wpb_column vc_column_container vc_col-sm-12\"><div class=\"vc_column-inner\"><div class=\"wpb_wrapper\">\n<div class=\"wpcf7 no-js\" id=\"wpcf7-f6-o1\" lang=\"en-US\" dir=\"ltr\" data-wpcf7-id=\"6\">\n<div class=\"screen-reader-response\"><p role=\"status\" aria-live=\"polite\" aria-atomic=\"true\"><\/p> <ul><\/ul><\/div>\n<form action=\"\/es\/wp-json\/wp\/v2\/pages\/149#wpcf7-f6-o1\" method=\"post\" class=\"wpcf7-form init\" aria-label=\"Contact form\" novalidate=\"novalidate\" data-status=\"init\" data-trp-original-action=\"\/es\/wp-json\/wp\/v2\/pages\/149#wpcf7-f6-o1\">\n<fieldset class=\"hidden-fields-container\"><input type=\"hidden\" name=\"_wpcf7\" value=\"6\" \/><input type=\"hidden\" name=\"_wpcf7_version\" value=\"6.1.5\" \/><input type=\"hidden\" name=\"_wpcf7_locale\" value=\"en_US\" \/><input type=\"hidden\" name=\"_wpcf7_unit_tag\" value=\"wpcf7-f6-o1\" \/><input type=\"hidden\" name=\"_wpcf7_container_post\" value=\"0\" \/><input type=\"hidden\" name=\"_wpcf7_posted_data_hash\" value=\"\" \/><input type=\"hidden\" name=\"_wpcf7_recaptcha_response\" value=\"\" \/>\n<\/fieldset>\n<div class=\"row\">\n\t<div class=\"col-12 mb-4\">\n\t\t<p><label><i class=\"fal fa-user mr-3\"><\/i>Nombre:<\/label><br \/>\n<span class=\"wpcf7-form-control-wrap\" data-name=\"your-name\"><input size=\"40\" maxlength=\"400\" class=\"wpcf7-form-control wpcf7-text wpcf7-validates-as-required\" aria-required=\"true\" aria-invalid=\"false\" placeholder=\"Nombre*\" value=\"\" type=\"text\" name=\"your-name\" \/><\/span>\n\t\t<\/p>\n\t<\/div>\n\t<div class=\"col-md-6 mb-4\">\n\t\t<p><label><i class=\"fal fa-envelope mr-3\"><\/i>Email:<\/label><br \/>\n<span class=\"wpcf7-form-control-wrap\" data-name=\"your-email\"><input size=\"40\" maxlength=\"400\" class=\"wpcf7-form-control wpcf7-email wpcf7-validates-as-required wpcf7-text wpcf7-validates-as-email\" aria-required=\"true\" aria-invalid=\"false\" placeholder=\"Email*\" value=\"\" type=\"email\" name=\"your-email\" \/><\/span>\n\t\t<\/p>\n\t<\/div>\n\t<div class=\"col-md-6 mb-4\">\n\t\t<p><label><i class=\"fal fa-mobile-android mr-3\"><\/i>Tel\u00e9fono:<\/label><br \/>\n<span class=\"wpcf7-form-control-wrap\" data-name=\"tel-139\"><input size=\"40\" maxlength=\"400\" class=\"wpcf7-form-control wpcf7-tel wpcf7-text wpcf7-validates-as-tel\" aria-invalid=\"false\" placeholder=\"Tel\u00e9fono\" value=\"\" type=\"tel\" name=\"tel-139\" \/><\/span>\n\t\t<\/p>\n\t<\/div>\n\t<div class=\"col-12 mb-4\">\n\t\t<p><label>Asunto<\/label><br \/>\n<span class=\"wpcf7-form-control-wrap\" data-name=\"your-subject\"><select class=\"wpcf7-form-control wpcf7-select wpcf7-validates-as-required\" aria-required=\"true\" aria-invalid=\"false\" name=\"your-subject\"><option value=\"Cotizar Servicio\">Cotizar Servicio<\/option><option value=\"Pedir Informes\">Pedir Informes<\/option><option value=\"Bolsa de Trabajo\">Bolsa de Trabajo<\/option><\/select><\/span>\n\t\t<\/p>\n\t<\/div>\n\t<div class=\"col-12 mb-4\">\n\t\t<p><label>Mensaje<\/label><br \/>\n<span class=\"wpcf7-form-control-wrap\" data-name=\"your-message\"><textarea cols=\"40\" rows=\"10\" maxlength=\"2000\" class=\"wpcf7-form-control wpcf7-textarea\" aria-invalid=\"false\" placeholder=\"Mensaje\" name=\"your-message\"><\/textarea><\/span>\n\t\t<\/p>\n\t<\/div>\n<\/div>\n<p><input class=\"wpcf7-form-control wpcf7-submit has-spinner btn fl-btn custom-scroll-link color-bg\" type=\"submit\" value=\"Enviar\" \/>\n<\/p><div class=\"wpcf7-response-output\" aria-hidden=\"true\"><\/div>\n<input type=\"hidden\" name=\"trp-form-language\" value=\"es\"\/><\/form>\n<\/div>\n<\/div><\/div><\/div><\/div><div class=\"sec-number\">02.<\/div> <\/div><\/section>","protected":false},"excerpt":{"rendered":"PeruCoatza Drone Peru \u2013 Lima, Peru Phone Number+51 933 220 801Office LocationC. German Schreiber Gulsmanco 276, San Isidro LIMA 27, PeruEmailcomercialperu@coatzadrone.com02. ChileCoatza Ingenier\u00eda y Proyectos SPA \u2013 Santiago, Chile Office LocationCalle Merced 838 Oficina 117 Santiago, Regi\u00f3n Metropolitana04. Get in TouchIf you have any questions regarding our services or anything else drone related please send..","protected":false},"author":1,"featured_media":789,"parent":0,"menu_order":0,"comment_status":"closed","ping_status":"closed","template":"","meta":{"inline_featured_image":false,"footnotes":""},"class_list":["post-149","page","type-page","status-publish","has-post-thumbnail","hentry"],"_links":{"self":[{"href":"https:\/\/coatzadrone.com\/es\/wp-json\/wp\/v2\/pages\/149","targetHints":{"allow":["GET"]}}],"collection":[{"href":"https:\/\/coatzadrone.com\/es\/wp-json\/wp\/v2\/pages"}],"about":[{"href":"https:\/\/coatzadrone.com\/es\/wp-json\/wp\/v2\/types\/page"}],"author":[{"embeddable":true,"href":"https:\/\/coatzadrone.com\/es\/wp-json\/wp\/v2\/users\/1"}],"replies":[{"embeddable":true,"href":"https:\/\/coatzadrone.com\/es\/wp-json\/wp\/v2\/comments?post=149"}],"version-history":[{"count":10,"href":"https:\/\/coatzadrone.com\/es\/wp-json\/wp\/v2\/pages\/149\/revisions"}],"predecessor-version":[{"id":1599,"href":"https:\/\/coatzadrone.com\/es\/wp-json\/wp\/v2\/pages\/149\/revisions\/1599"}],"wp:featuredmedia":[{"embeddable":true,"href":"https:\/\/coatzadrone.com\/es\/wp-json\/wp\/v2\/media\/789"}],"wp:attachment":[{"href":"https:\/\/coatzadrone.com\/es\/wp-json\/wp\/v2\/media?parent=149"}],"curies":[{"name":"wp","href":"https:\/\/api.w.org\/{rel}","templated":true}]}}